{"id":323,"date":"2021-04-01T09:47:53","date_gmt":"2021-04-01T09:47:53","guid":{"rendered":"http:\/\/radicalstorage.wpengine.com\/citta\/"},"modified":"2021-05-07T10:29:27","modified_gmt":"2021-05-07T10:29:27","slug":"citta","status":"publish","type":"page","link":"https:\/\/radicalstorage.com\/tours\/it\/citta\/","title":{"rendered":"Citt\u00e0"},"content":{"rendered":"\n<p class=\"has-text-align-center\"><strong>MIGLIORI TOUR GUIDATI<\/strong><\/p>\n\n<p>Offriamo visite guidate uniche, tour a piedi e tour hop-on hop-off nelle principali citt\u00e0 di tutto il mondo. Ovunque tu vada, saremo il tuo miglior partner turistico.<\/p>\n\n<p>Che sia un viaggio d\u2019affari, una vacanza di relax o alla scoperta di una citt\u00e0, sono molte le attivit\u00e0 da fare e le attrazioni da scoprire in un posto nuovo. Come spesso accade, la domanda che sorge all\u2019inizio \u00e8: da dove cominciare? I nostri tour guidati sono la risposta. Per scoprire cosa rende una citt\u00e0 speciale \u00e8 sempre meglio avere il punto di vista e la prospettiva di una persona del posto ed \u00e8 proprio questo ci\u00f2 che offriamo con le nostre visite guidate: una profonda conoscenza della cultura, dell\u2019architettura e della storia, narrata da guide esperte che amano la loro citt\u00e0 e sanno come far vivere la sua essenza.<\/p>\n\n<p>Che tu voglia scoprire le parti migliori di Londra, esplorare le numerose bellezze di Parigi o conoscere la storia di Roma, abbiamo il tour che fa per te. Puoi essere certo che tutte le nostre esperienze sono autentiche e ti consentono di esplorare i luoghi pi\u00f9 emozionanti di ogni citt\u00e0. Siamo orgogliosi di fornire diverse opzioni di visite guidate, che vanno dai classici tour audioguidati ai tour a piedi personalizzabili. Le nostre guide\u00a0eccellenti, dotate di tutte le competenze e conoscenze indispensabili, ti stupiranno sia per la loro esperienza che per il loro intrattenimento.<\/p>\n\n<p><strong>Le nostre esperienze<\/strong><\/p>\n\n<p>Che tu abbia in programma un weekend breve o una vacanza lunga, i nostri tour ti guideranno nel migliore dei modi nelle principali citt\u00e0 del mondo. La nostra piattaforma online ti aiuter\u00e0 a scoprire le attrazioni pi\u00f9 straordinarie ovunque tu sia. Puoi scegliere tra diverse opzioni:<\/p>\n\n<ul><li>Tour con audioguida.<\/li><li>Tour a piedi.<\/li><li>Tour hop-on hop-off.<\/li><li>Tour autoguidati.<\/li><\/ul>\n<p>Esplora Barcellona con un tour a piedi del Quartiere Gotico e goditi la vista indimenticabile della Sagrada Familia. Visita Firenze a modo tuo con un tour a piedi hop-on hop-off. Crea il tuo itinerario personale e ammira le bellezze di Roma autonomamente grazie al tour autoguidato. Tutto questo \u00e8 possibile scegliendo una delle nostre esperienze uniche!<\/p>\n\n<p><strong>Perch\u00e9 le nostre visite guidate sono le migliori?<\/strong><\/p>\n\n<p>Offriamo esperienze studiate a tavolino che includono tutti gli aspetti di un tour della citt\u00e0. Se vuoi fare una pausa dai soliti percorsi turistici e scoprire dei tesori nascosti nelle migliori citt\u00e0 d\u2019Europa con uno dei nostri tour, le nostre guide appassionate ed esperte sono preparate per assicurarti il massimo. Con noi passerai dei momenti indimenticabili!<\/p>\n\n<p>La parte migliore dei nostri tour \u00e8 che puoi godere della libert\u00e0 di creare il tuo percorso individuale. Puoi scegliere un tour guidato, un tour hop-on hop-off, o se preferisci un tour a piedi, e noi ti forniamo tutte le informazioni necessarie per vivere un\u2019esperienza fantastica.<\/p>\n\n<p>Per una visita personalizzata e flessibile, puoi prenotare uno dei nostri tour autoguidati, scaricare una pratica app e usare il tuo smartphone come la tua guida personale. In questo modo potrai creare il tuo itinerario visitando tutti i luoghi che preferisci quando e come vuoi tu.<\/p>\n\n<p>Ecco\u00a0<strong>cosa comprendono i nostri tour<\/strong>\u00a0della citt\u00e0:<\/p>\n\n<ul><li>Narrazione dal vivo da parte di guide professioniste;<\/li><li>Audioguide digitali di alta qualit\u00e0 in diverse lingue;<\/li><li>Suggerimenti su itinerari pedonali e con i trasporti pubblici;<\/li><li>Mappe dettagliate con tutti i punti di riferimento famosi;<\/li><li>Punti di ricarica e WIFI gratuito;<\/li><li>Luoghi per le foto migliori.<\/li><\/ul>\n<p><span style=\"font-weight: 400;\"><strong>Non sono inclusi:<\/strong> biglietti d&#8217;ingresso per musei e attrazioni; cibo e bevande; cuffie e dispositivi mobili<\/span><\/p>\n\n<p><strong>Lingue supportate<\/strong>: inglese, spagnolo, tedesco, francese, italiano, cinese.<\/p>\n\n<p>Non importa se prenoti un tour autoguidato o un tour hop-on hop-off, ti guideremo attraverso le parti pi\u00f9 belle della citt\u00e0 in qualsiasi stagione.&#13;\n&#13;\n<\/p>\n\n<p class=\"has-text-align-center\"><\/p>\n\n<p class=\"has-text-align-center\"><\/p>\n","protected":false},"excerpt":{"rendered":"<p>MIGLIORI TOUR GUIDATI Offriamo visite guidate uniche, tour a piedi e tour hop-on hop-off nelle principali citt\u00e0 di tutto il mondo. Ovunque tu vada, saremo il tuo miglior partner turistico. Che sia un viaggio d\u2019affari, una vacanza di relax o alla scoperta di una citt\u00e0, sono molte le attivit\u00e0 da fare e le attrazioni da [&hellip;]<\/p>\n","protected":false},"author":2,"featured_media":386,"parent":0,"menu_order":0,"comment_status":"closed","ping_status":"closed","template":"template-cities.php","meta":[],"yoast_head":"<!-- This site is optimized with the Yoast SEO plugin v16.1.1 - https:\/\/yoast.com\/wordpress\/plugins\/seo\/ -->\n<title>Tour Guidati- Prenota Tour nelle Principali Citt\u00e0 | Radical Tours<\/title>\n<meta name=\"description\" content=\"Offriamo visite guidate uniche, tour a piedi e tour hop-on hop-off nelle principali citt\u00e0 di tutto il mondo. Ovunque tu vada, saremo il tuo miglior partner turistico.\" \/>\n<link rel=\"canonical\" href=\"https:\/\/radicalstorage.com\/tours\/it\/citta\/\" \/>\n<meta property=\"og:locale\" content=\"it_IT\" \/>\n<meta property=\"og:type\" content=\"article\" \/>\n<meta property=\"og:title\" content=\"Tour Guidati- Prenota Tour nelle Principali Citt\u00e0 | Radical Tours\" \/>\n<meta property=\"og:description\" content=\"Offriamo visite guidate uniche, tour a piedi e tour hop-on hop-off nelle principali citt\u00e0 di tutto il mondo. Ovunque tu vada, saremo il tuo miglior partner turistico.\" \/>\n<meta property=\"og:url\" content=\"https:\/\/radicalstorage.com\/tours\/it\/citta\/\" \/>\n<meta property=\"og:site_name\" content=\"Radical Tours\" \/>\n<meta property=\"article:modified_time\" content=\"2021-05-07T10:29:27+00:00\" \/>\n<meta property=\"og:image\" content=\"https:\/\/radicalstorage.com\/tours\/wp-content\/uploads\/2021\/04\/homepage-1-scaled-e1617712946264.jpeg\" \/>\n\t<meta property=\"og:image:width\" content=\"2560\" \/>\n\t<meta property=\"og:image:height\" content=\"1849\" \/>\n<meta name=\"twitter:card\" content=\"summary_large_image\" \/>\n<meta name=\"twitter:label1\" content=\"Tempo di lettura stimato\">\n\t<meta name=\"twitter:data1\" content=\"3 minuti\">\n<!-- \/ Yoast SEO plugin. -->","_links":{"self":[{"href":"https:\/\/radicalstorage.com\/tours\/it\/wp-json\/wp\/v2\/pages\/323"}],"collection":[{"href":"https:\/\/radicalstorage.com\/tours\/it\/wp-json\/wp\/v2\/pages"}],"about":[{"href":"https:\/\/radicalstorage.com\/tours\/it\/wp-json\/wp\/v2\/types\/page"}],"author":[{"embeddable":true,"href":"https:\/\/radicalstorage.com\/tours\/it\/wp-json\/wp\/v2\/users\/2"}],"replies":[{"embeddable":true,"href":"https:\/\/radicalstorage.com\/tours\/it\/wp-json\/wp\/v2\/comments?post=323"}],"version-history":[{"count":0,"href":"https:\/\/radicalstorage.com\/tours\/it\/wp-json\/wp\/v2\/pages\/323\/revisions"}],"wp:featuredmedia":[{"embeddable":true,"href":"https:\/\/radicalstorage.com\/tours\/it\/wp-json\/wp\/v2\/media\/386"}],"wp:attachment":[{"href":"https:\/\/radicalstorage.com\/tours\/it\/wp-json\/wp\/v2\/media?parent=323"}],"curies":[{"name":"wp","href":"https:\/\/api.w.org\/{rel}","templated":true}]}}