{"id":1269,"date":"2021-05-07T09:10:03","date_gmt":"2021-05-07T09:10:03","guid":{"rendered":"https:\/\/radicalstorage.com\/tours\/ciudades\/"},"modified":"2021-05-07T11:06:33","modified_gmt":"2021-05-07T11:06:33","slug":"ciudades","status":"publish","type":"page","link":"https:\/\/radicalstorage.com\/tours\/es\/ciudades\/","title":{"rendered":"Ciudades"},"content":{"rendered":"\n<p class=\"has-text-align-center\"><b>MEJORES RECORRIDOS POR CIUDAD<\/b><\/p>\n\n<p>Perm\u00edtenos ser tu mejor compa\u00f1ero de excursi\u00f3n a donde vayas. Proporcionamos visitas guiadas \u00fanicas, excursiones a pie, y tours hop-on hop-off en las principales ciudades del mundo.<\/p>\n\n<p>Las personas viajan por muchas razones: por un viaje de negocios, para relajarse y descansar, o para explorar una nueva ciudad. Hay muchas cosas por ver y hacer en un nuevo lugar. Pero, \u00bfd\u00f3nde iniciar? Ah\u00ed es donde podemos ayudarte. Siempre es mejor contar con el punto de vista y la perspectiva local sobre qu\u00e9 es lo que hace especial a una ciudad, y eso es lo que tendr\u00e1s con nuestras visitas guiadas: conocimiento profundo de la cultura, arquitectura, e historia, narrada por gu\u00edas locales quienes aman su ciudad y quieren que experimentes su esencia.<\/p>\n\n<p><span style=\"font-weight: 400;\">Ya sea que quieras descubrir las mejores partes de Londres, explorar las muchas vistas de Par\u00eds, o aprender sobre la historia de Roma, tenemos un tour para ti.<\/span>&#13;\n&#13;\n<span style=\"font-weight: 400;\">Puedes estar seguro que todas nuestras experiencias sobre la ciudad son aut\u00e9nticas y que te llevar\u00e1n a los sitios m\u00e1s emocionantes. Nos enorgullece ofrecer varias opciones tur\u00edsticas \u00fanicas que van desde las cl\u00e1sicas visitas guiadas con audio hasta excursiones a pie personalizadas. Nuestras excelentes gu\u00edas equipadas con todas las habilidades e informaci\u00f3n requeridas te sorprender\u00e1n con su profesionalismo y entretenimiento.<\/span><\/p>\n\n<p><b>Acerca de nuestras experiencias<\/b><\/p>\n\n<p>Ya sea que planifiques un viaje corto de fin de semana o unas vacaciones largas, nuestros tours te guiar\u00e1n a las ciudades m\u00e1s grandes del mundo. Nuestra plataforma online te ayudar\u00e1 a descubrir las atracciones m\u00e1s extraordinarias a donde sea que vayas. Puedes elegir entre diferentes opciones de tour:<\/p>\n\n<ul><li>Visitas guiadas por audio.<\/li><li>Excursiones a pie.<\/li><li>Tour Hop-on hop-off.<\/li><li>Visitas autoguiadas.<\/li><\/ul>\n<p>Explora Barcelona en un tour de 3 horas por el Barrio G\u00f3tico y presencia la inolvidable imagen de la Sagrada Familia. Visita Florencia a tu ritmo en un recorrido a pie con paradas libres (hop-on hop-off). Disfruta de las vistas de Roma con una visita autoguiada creando tu propio itinerario. \u00a1Todo esto es posible con nuestras visitas guiadas por audio!<\/p>\n\n<p><b>\u00bfPor qu\u00e9 nuestros tours guiados son los mejores?<\/b><\/p>\n\n<p>Ofrecemos experiencias completamente dise\u00f1adas que incluyen todos los aspectos de un paseo por la ciudad. Ya sea que quieras tomar un descanso de la ruta tur\u00edstica ordinaria y descubrir algunas joyas escondidas con una de nuestras excursiones a pie, nuestras gu\u00edas apasionadas est\u00e1n bien entrenadas para asegurarse de que aprovecharas al m\u00e1ximo tu tiempo en una de las principales ciudades en Europa. Garantizamos que verdaderamente vivir\u00e1s una experiencia inolvidable.<\/p>\n\n<p>La mejor parte de nuestros tours es que puedes disfrutar de la libertad de elegir tu propia ruta personalizada. Puedes elegir una visita guiada, una excursi\u00f3n hop-on hop off, o si prefieres visitas autoguiadas, ofrecemos toda la informaci\u00f3n que necesitas para vivir una experiencia grandiosa.<\/p>\n\n<p>Para una experiencia a la medida y flexible, puedes reservar una de nuestras visitas autoguiadas, descarga la \u00fatil app de viajes, y usa tu smartphone como tu gu\u00eda experto personal. Puedes crear tu propia ruta al visitar tus ubicaciones preferidas cuando lo desees.<\/p>\n\n<p><b>Esto es lo que tendr\u00e1s al reservar uno de nuestros tours de ciudad<\/b><\/p>\n\n<ul><li>Comentarios narrados en vivo por gu\u00edas profesionales;<\/li><li>Gu\u00edas de audio digital en alta calidad en varios idiomas;<\/li><li>Sugerencias para itinerarios peatonales y de transporte p\u00fablico;<\/li><li>Mapas detallados con \u00edndice de monumentos famosos;<\/li><li>Wifi gratuito y sitios de carga;<\/li><li>Ubicaciones para incre\u00edbles fotos.<\/li><\/ul>\n<p><b>No incluye:<\/b><span style=\"font-weight: 400;\"> boletos de entrada para atracciones y museos; comidas y bebidas; aud\u00edfonos.<\/span><\/p>\n\n<p><b>Idiomas disponibles: <\/b><span style=\"font-weight: 400;\">Ingl\u00e9s, espa\u00f1ol, alem\u00e1n, franc\u00e9s, itaiano, chino.<\/span><\/p>\n\n<p>No importa si reservas una visita guiada por audio o una excursi\u00f3n a pie, te guiaremos por las partes m\u00e1s hermosas de las principales ciudades en cualquier temporada.<\/p>\n\n<p class=\"has-text-align-center\"><\/p>\n\n<p class=\"has-text-align-center\"><\/p>\n","protected":false},"excerpt":{"rendered":"<p>MEJORES RECORRIDOS POR CIUDAD Perm\u00edtenos ser tu mejor compa\u00f1ero de excursi\u00f3n a donde vayas. Proporcionamos visitas guiadas \u00fanicas, excursiones a pie, y tours hop-on hop-off en las principales ciudades del mundo. Las personas viajan por muchas razones: por un viaje de negocios, para relajarse y descansar, o para explorar una nueva ciudad. Hay muchas cosas [&hellip;]<\/p>\n","protected":false},"author":2,"featured_media":914,"parent":0,"menu_order":0,"comment_status":"closed","ping_status":"closed","template":"template-cities.php","meta":[],"yoast_head":"<!-- This site is optimized with the Yoast SEO plugin v16.1.1 - https:\/\/yoast.com\/wordpress\/plugins\/seo\/ -->\n<title>Recorridos por Ciudad<\/title>\n<meta name=\"description\" content=\"Perm\u00edtenos ser tu mejor compa\u00f1ero de excursi\u00f3n a donde vayas. Proporcionamos visitas guiadas \u00fanicas, excursiones a pie, y tours hop-on hop-off en las principales ciudades del mundo.\" \/>\n<link rel=\"canonical\" href=\"https:\/\/radicalstorage.com\/tours\/es\/ciudades\/\" \/>\n<meta property=\"og:locale\" content=\"es_ES\" \/>\n<meta property=\"og:type\" content=\"article\" \/>\n<meta property=\"og:title\" content=\"Recorridos por Ciudad\" \/>\n<meta property=\"og:description\" content=\"Perm\u00edtenos ser tu mejor compa\u00f1ero de excursi\u00f3n a donde vayas. Proporcionamos visitas guiadas \u00fanicas, excursiones a pie, y tours hop-on hop-off en las principales ciudades del mundo.\" \/>\n<meta property=\"og:url\" content=\"https:\/\/radicalstorage.com\/tours\/es\/ciudades\/\" \/>\n<meta property=\"og:site_name\" content=\"Radical Tours\" \/>\n<meta property=\"article:modified_time\" content=\"2021-05-07T11:06:33+00:00\" \/>\n<meta property=\"og:image\" content=\"https:\/\/radicalstorage.com\/tours\/wp-content\/uploads\/2021\/04\/homepage-1-scaled-e1617712946264.jpeg\" \/>\n\t<meta property=\"og:image:width\" content=\"360\" \/>\n\t<meta property=\"og:image:height\" content=\"299\" \/>\n<meta name=\"twitter:card\" content=\"summary_large_image\" \/>\n<meta name=\"twitter:label1\" content=\"Est. reading time\">\n\t<meta name=\"twitter:data1\" content=\"3 minutos\">\n<!-- \/ Yoast SEO plugin. -->","_links":{"self":[{"href":"https:\/\/radicalstorage.com\/tours\/es\/wp-json\/wp\/v2\/pages\/1269"}],"collection":[{"href":"https:\/\/radicalstorage.com\/tours\/es\/wp-json\/wp\/v2\/pages"}],"about":[{"href":"https:\/\/radicalstorage.com\/tours\/es\/wp-json\/wp\/v2\/types\/page"}],"author":[{"embeddable":true,"href":"https:\/\/radicalstorage.com\/tours\/es\/wp-json\/wp\/v2\/users\/2"}],"replies":[{"embeddable":true,"href":"https:\/\/radicalstorage.com\/tours\/es\/wp-json\/wp\/v2\/comments?post=1269"}],"version-history":[{"count":0,"href":"https:\/\/radicalstorage.com\/tours\/es\/wp-json\/wp\/v2\/pages\/1269\/revisions"}],"wp:featuredmedia":[{"embeddable":true,"href":"https:\/\/radicalstorage.com\/tours\/es\/wp-json\/wp\/v2\/media\/914"}],"wp:attachment":[{"href":"https:\/\/radicalstorage.com\/tours\/es\/wp-json\/wp\/v2\/media?parent=1269"}],"curies":[{"name":"wp","href":"https:\/\/api.w.org\/{rel}","templated":true}]}}